{"id":65,"date":"2013-06-23T13:07:21","date_gmt":"2013-06-23T11:07:21","guid":{"rendered":"http:\/\/lebensmittel-und-hygienesicherheit-veek.de\/?page_id=65"},"modified":"2014-03-10T13:15:33","modified_gmt":"2014-03-10T11:15:33","slug":"beratungstatigkeiten","status":"publish","type":"page","link":"http:\/\/lebensmittel-und-hygienesicherheit-veek.de\/?page_id=65","title":{"rendered":"Beratungst\u00e4tigkeiten"},"content":{"rendered":"<p>&nbsp;<\/p>\n<p><b><span style=\"text-decoration: underline;\">Beratung und Hilfestellung aus lebensmittelrechtlicher Sicht:<\/span><\/b><\/p>\n<ul>\n<li>\u00a0 bei allen Fragen im Umgang mit Lebensmitteln<\/li>\n<\/ul>\n<ul>\n<li>\u00a0bei Neu- und Umbauma\u00dfnahmen<\/li>\n<\/ul>\n<ul>\n<li>\u00a0beim Aufbau von Qualit\u00e4tssicherungssystemen (HACCP), Eigenkontrollma\u00dfnahmen (Arbeitsabl\u00e4ufe, Gefahrenanalyse, Risikobewertung, Kontrollmethoden, Korrekturma\u00dfnahmen)<\/li>\n<\/ul>\n<ul>\n<li>\u00a0bei Konzepterstellung und Dokumentationsm\u00f6glichkeiten<\/li>\n<\/ul>\n<ul>\n<li>\u00a0bei der Schwachstellenanalyse \u2013 Ist- und Sollzustand in den Betrieben<\/li>\n<\/ul>\n<p>&nbsp;<\/p>\n<p>&nbsp;<\/p>\n<p>&nbsp;<\/p>\n","protected":false},"excerpt":{"rendered":"<p>&nbsp; Beratung und Hilfestellung aus lebensmittelrechtlicher Sicht: \u00a0 bei allen Fragen im Umgang mit Lebensmitteln \u00a0bei Neu- und Umbauma\u00dfnahmen \u00a0beim Aufbau von Qualit\u00e4tssicherungssystemen (HACCP), Eigenkontrollma\u00dfnahmen (Arbeitsabl\u00e4ufe, Gefahrenanalyse, Risikobewertung, Kontrollmethoden, Korrekturma\u00dfnahmen) \u00a0bei Konzepterstellung und Dokumentationsm\u00f6glichkeiten \u00a0bei der Schwachstellenanalyse \u2013 Ist- und &hellip; <a href=\"http:\/\/lebensmittel-und-hygienesicherheit-veek.de\/?page_id=65\">Weiterlesen <span class=\"meta-nav\">&rarr;<\/span><\/a><\/p>\n","protected":false},"author":1,"featured_media":0,"parent":0,"menu_order":6,"comment_status":"closed","ping_status":"closed","template":"","meta":{"footnotes":""},"class_list":["post-65","page","type-page","status-publish","hentry"],"_links":{"self":[{"href":"http:\/\/lebensmittel-und-hygienesicherheit-veek.de\/index.php?rest_route=\/wp\/v2\/pages\/65","targetHints":{"allow":["GET"]}}],"collection":[{"href":"http:\/\/lebensmittel-und-hygienesicherheit-veek.de\/index.php?rest_route=\/wp\/v2\/pages"}],"about":[{"href":"http:\/\/lebensmittel-und-hygienesicherheit-veek.de\/index.php?rest_route=\/wp\/v2\/types\/page"}],"author":[{"embeddable":true,"href":"http:\/\/lebensmittel-und-hygienesicherheit-veek.de\/index.php?rest_route=\/wp\/v2\/users\/1"}],"replies":[{"embeddable":true,"href":"http:\/\/lebensmittel-und-hygienesicherheit-veek.de\/index.php?rest_route=%2Fwp%2Fv2%2Fcomments&post=65"}],"version-history":[{"count":7,"href":"http:\/\/lebensmittel-und-hygienesicherheit-veek.de\/index.php?rest_route=\/wp\/v2\/pages\/65\/revisions"}],"predecessor-version":[{"id":160,"href":"http:\/\/lebensmittel-und-hygienesicherheit-veek.de\/index.php?rest_route=\/wp\/v2\/pages\/65\/revisions\/160"}],"wp:attachment":[{"href":"http:\/\/lebensmittel-und-hygienesicherheit-veek.de\/index.php?rest_route=%2Fwp%2Fv2%2Fmedia&parent=65"}],"curies":[{"name":"wp","href":"https:\/\/api.w.org\/{rel}","templated":true}]}}