{"id":21,"date":"2013-06-14T21:30:20","date_gmt":"2013-06-14T19:30:20","guid":{"rendered":"http:\/\/s474765814.online.de\/?page_id=21"},"modified":"2022-12-07T18:51:27","modified_gmt":"2022-12-07T16:51:27","slug":"schulungsangebote","status":"publish","type":"page","link":"http:\/\/lebensmittel-und-hygienesicherheit-veek.de\/?page_id=21","title":{"rendered":"Schulungsangebote"},"content":{"rendered":"<h2>Lebensmittelhygieneschulungen<\/h2>\n<p>Zu allen Themen der Lebensmittel- und Hygienesicherheit biete ich Schulungen im Umgang mit Lebensmitteln an.<\/p>\n<p>Der Gesetzgeber verlangt mittlerweile spezielle Lebensmittelhygiene-Schulungen mit Vorgaben der Schulungsinhalte und Belehrungen f\u00fcr das Personal.<\/p>\n<p><a href=\"http:\/\/s474765814.online.de\/wp-content\/uploads\/2013\/06\/SANY0732.jpg\"><img loading=\"lazy\" decoding=\"async\" class=\"size-medium wp-image-24 alignright\" src=\"http:\/\/s474765814.online.de\/wp-content\/uploads\/2013\/06\/SANY0732-300x224.jpg\" alt=\"SANYO DIGITAL CAMERA\" width=\"300\" height=\"224\" srcset=\"http:\/\/lebensmittel-und-hygienesicherheit-veek.de\/wp-content\/uploads\/2013\/06\/SANY0732-300x224.jpg 300w, http:\/\/lebensmittel-und-hygienesicherheit-veek.de\/wp-content\/uploads\/2013\/06\/SANY0732.jpg 307w\" sizes=\"auto, (max-width: 300px) 100vw, 300px\" \/><\/a><\/p>\n<p>Dadurch soll eine Sensibilisierung des Personals im Umgang mit Lebensmitteln, sowie Kenntnisse im Bereich der Lebensmittelhygiene erreicht werden.<\/p>\n<p>Mit moderner Vortragstechnik, Film und Bilddokumentationen werden die Schulungen praxisnah, abwechslungsreich, betriebsorientiert und kurzweilig durchgef\u00fchrt.<\/p>\n<p><a href=\"http:\/\/s474765814.online.de\/wp-content\/uploads\/2013\/06\/SANY0719.jpg\"><img loading=\"lazy\" decoding=\"async\" class=\"size-medium wp-image-23 alignleft\" src=\"http:\/\/s474765814.online.de\/wp-content\/uploads\/2013\/06\/SANY0719-300x224.jpg\" alt=\"SANYO DIGITAL CAMERA\" width=\"300\" height=\"224\" srcset=\"http:\/\/lebensmittel-und-hygienesicherheit-veek.de\/wp-content\/uploads\/2013\/06\/SANY0719-300x224.jpg 300w, http:\/\/lebensmittel-und-hygienesicherheit-veek.de\/wp-content\/uploads\/2013\/06\/SANY0719.jpg 307w\" sizes=\"auto, (max-width: 300px) 100vw, 300px\" \/><\/a><\/p>\n<p><b><span style=\"text-decoration: underline;\">Zielgruppe:<\/span><\/b><br \/>\nPersonal in der Lebensmittelbranche, insbesondere das Personal ohne Berufsausbildung, z.B. in Metzgereien, B\u00e4cker-und Konditoreien, Gastronomie, Hotels, Restaurants, Einrichtungen f\u00fcr Gemeinschaftsverpflegung, Schulen, Kindertagesst\u00e4tten, Catering, Partyservice, Vereins-, Volks- und Stra\u00dfenfeste oder \u00e4hnliche Veranstaltungen.<\/p>\n<p><a href=\"http:\/\/s474765814.online.de\/wp-content\/uploads\/2013\/06\/SANY0717.jpg\"><img loading=\"lazy\" decoding=\"async\" class=\"size-medium wp-image-22 alignright\" src=\"http:\/\/s474765814.online.de\/wp-content\/uploads\/2013\/06\/SANY0717-300x224.jpg\" alt=\"SANYO DIGITAL CAMERA\" width=\"300\" height=\"224\" srcset=\"http:\/\/lebensmittel-und-hygienesicherheit-veek.de\/wp-content\/uploads\/2013\/06\/SANY0717-300x224.jpg 300w, http:\/\/lebensmittel-und-hygienesicherheit-veek.de\/wp-content\/uploads\/2013\/06\/SANY0717.jpg 307w\" sizes=\"auto, (max-width: 300px) 100vw, 300px\" \/><\/a><\/p>\n<ul>\n<li>Lebensmittelhygieneschulung nach \u00a7 4<br \/>\nLebensmittelhygiene-Verordnung (08\/2007)<span style=\"mso-spacerun: yes;\">\u00a0 <\/span>gem\u00e4\u00df DIN 10514 (Fachkenntnisse im Umgang mit leicht verderblichen Lebensmitteln)<\/li>\n<\/ul>\n<ul>\n<li>Lebensmittelhygieneschulung <span style=\"font-size: 12.0pt; font-family: 'Times New Roman','serif'; mso-fareast-font-family: 'Times New Roman'; mso-ansi-language: DE; mso-fareast-language: DE; mso-bidi-language: AR-SA;\">nach der VO (EG) 852\/2004 gem\u00e4\u00df DIN 10514<\/span><\/li>\n<\/ul>\n<ul>\n<li>Lebensmittelhygieneschulung mit<br \/>\nindividuellen Themen zusammengestellt<\/li>\n<\/ul>\n<ul>\n<li>Wiederholungsbelehrung nach \u00a7 43 Infektionsschutzgesetz<\/li>\n<\/ul>\n<ul>\n<li>Oben genannte Schulungsangebote k\u00f6nnen auch als \u201eInhouse-Schulung\u201c, den verschiedenen Lebensmittelunternehmen individuell angepasst, durchgef\u00fchrt werden.<\/li>\n<\/ul>\n<p>Selbstverst\u00e4ndlich erhalten sie ein Teilnahmezertifikat.<\/p>\n","protected":false},"excerpt":{"rendered":"<p>Lebensmittelhygieneschulungen Zu allen Themen der Lebensmittel- und Hygienesicherheit biete ich Schulungen im Umgang mit Lebensmitteln an. Der Gesetzgeber verlangt mittlerweile spezielle Lebensmittelhygiene-Schulungen mit Vorgaben der Schulungsinhalte und Belehrungen f\u00fcr das Personal. Dadurch soll eine Sensibilisierung des Personals im Umgang mit &hellip; <a href=\"http:\/\/lebensmittel-und-hygienesicherheit-veek.de\/?page_id=21\">Weiterlesen <span class=\"meta-nav\">&rarr;<\/span><\/a><\/p>\n","protected":false},"author":1,"featured_media":0,"parent":0,"menu_order":3,"comment_status":"closed","ping_status":"closed","template":"","meta":{"footnotes":""},"class_list":["post-21","page","type-page","status-publish","hentry"],"_links":{"self":[{"href":"http:\/\/lebensmittel-und-hygienesicherheit-veek.de\/index.php?rest_route=\/wp\/v2\/pages\/21","targetHints":{"allow":["GET"]}}],"collection":[{"href":"http:\/\/lebensmittel-und-hygienesicherheit-veek.de\/index.php?rest_route=\/wp\/v2\/pages"}],"about":[{"href":"http:\/\/lebensmittel-und-hygienesicherheit-veek.de\/index.php?rest_route=\/wp\/v2\/types\/page"}],"author":[{"embeddable":true,"href":"http:\/\/lebensmittel-und-hygienesicherheit-veek.de\/index.php?rest_route=\/wp\/v2\/users\/1"}],"replies":[{"embeddable":true,"href":"http:\/\/lebensmittel-und-hygienesicherheit-veek.de\/index.php?rest_route=%2Fwp%2Fv2%2Fcomments&post=21"}],"version-history":[{"count":12,"href":"http:\/\/lebensmittel-und-hygienesicherheit-veek.de\/index.php?rest_route=\/wp\/v2\/pages\/21\/revisions"}],"predecessor-version":[{"id":370,"href":"http:\/\/lebensmittel-und-hygienesicherheit-veek.de\/index.php?rest_route=\/wp\/v2\/pages\/21\/revisions\/370"}],"wp:attachment":[{"href":"http:\/\/lebensmittel-und-hygienesicherheit-veek.de\/index.php?rest_route=%2Fwp%2Fv2%2Fmedia&parent=21"}],"curies":[{"name":"wp","href":"https:\/\/api.w.org\/{rel}","templated":true}]}}